{"id":27,"date":"2024-09-23T12:06:50","date_gmt":"2024-09-23T10:06:50","guid":{"rendered":"https:\/\/malkow.eu\/?page_id=27"},"modified":"2024-10-09T20:48:32","modified_gmt":"2024-10-09T18:48:32","slug":"oferta","status":"publish","type":"page","link":"https:\/\/malkow.eu\/de\/oferta\/","title":{"rendered":"Angebot"},"content":{"rendered":"<p class=\"has-vivid-green-cyan-color has-text-color has-link-color has-medium-font-size wp-elements-e5784bed50dd7872c33e966471f87cfd\">Planung<\/p>\n\n\n\n<p class=\"has-medium-font-size\"><br>Wir bieten die Planung von Sportanlagen an, einschlie\u00dflich Sportpl\u00e4tzen, Skisprungschanzen und Tennispl\u00e4tzen. Wir entwerfen auch \u00f6ffentliche Geb\u00e4ude und Einfamilienh\u00e4user.<\/p>\n\n\n\n<p class=\"has-vivid-green-cyan-color has-text-color has-link-color has-medium-font-size wp-elements-3d89d5b441173cbc3bb798bef069961f\">Bau und Modernisierung<\/p>\n\n\n\n<p class=\"has-medium-font-size\"><br>Wir bieten den Bau von Grund auf sowie die Modernisierung und Revitalisierung aller Arten von Anlagen an.<\/p>\n\n\n\n<p class=\"has-text-align-left has-vivid-green-cyan-color has-text-color has-link-color has-medium-font-size wp-elements-6d280cfbdc57488d3bf35f4e217eff56\">Innovationen<\/p>\n\n\n\n<p class=\"has-text-align-left has-medium-font-size\"><br>Wir haben uns der Einf\u00fchrung innovativer Produkte und L\u00f6sungen f\u00fcr den Sport verschrieben.<\/p>\n\n\n\n<p><\/p>","protected":false},"excerpt":{"rendered":"<p>Projektowanie Oferujemy projektowanie obiekt\u00f3w sportowych. Boiska sportowe, skocznie narciarskie, korty tenisowe. Jak r\u00f3wnie\u017c budynki u\u017cyteczno\u015bci publicznej oraz domy jednorodzinne. Budowa i Modernizacja Oferujemy budow\u0119 od podstaw jak r\u00f3wnie\u017c modernizacj\u0119 i rewitalizacje wszelkich obiekt\u00f3w. Innowacje Jeste\u015bmy zaanga\u017cowani w wprowadzanie innowacyjnych produkt\u00f3w i rozwi\u0105za\u0144 dla sportu.<\/p>","protected":false},"author":1,"featured_media":0,"parent":0,"menu_order":0,"comment_status":"closed","ping_status":"closed","template":"","meta":{"two_page_speed":[],"footnotes":""},"class_list":["post-27","page","type-page","status-publish","hentry"],"_links":{"self":[{"href":"https:\/\/malkow.eu\/de\/wp-json\/wp\/v2\/pages\/27","targetHints":{"allow":["GET"]}}],"collection":[{"href":"https:\/\/malkow.eu\/de\/wp-json\/wp\/v2\/pages"}],"about":[{"href":"https:\/\/malkow.eu\/de\/wp-json\/wp\/v2\/types\/page"}],"author":[{"embeddable":true,"href":"https:\/\/malkow.eu\/de\/wp-json\/wp\/v2\/users\/1"}],"replies":[{"embeddable":true,"href":"https:\/\/malkow.eu\/de\/wp-json\/wp\/v2\/comments?post=27"}],"version-history":[{"count":7,"href":"https:\/\/malkow.eu\/de\/wp-json\/wp\/v2\/pages\/27\/revisions"}],"predecessor-version":[{"id":201,"href":"https:\/\/malkow.eu\/de\/wp-json\/wp\/v2\/pages\/27\/revisions\/201"}],"wp:attachment":[{"href":"https:\/\/malkow.eu\/de\/wp-json\/wp\/v2\/media?parent=27"}],"curies":[{"name":"wp","href":"https:\/\/api.w.org\/{rel}","templated":true}]}}