{"id":29,"date":"2024-09-23T12:06:50","date_gmt":"2024-09-23T10:06:50","guid":{"rendered":"https:\/\/malkow.eu\/?page_id=29"},"modified":"2024-10-09T20:38:12","modified_gmt":"2024-10-09T18:38:12","slug":"kontakt","status":"publish","type":"page","link":"https:\/\/malkow.eu\/en\/kontakt\/","title":{"rendered":"Contact"},"content":{"rendered":"<p class=\"has-vivid-green-cyan-color has-text-color has-link-color has-large-font-size wp-elements-a52a227d789fa147b98a3f7ae7390ed4\"><strong>Malkow Sp. z o.o.<\/strong><br>34-500 Zakopane ul. Droga na Anta\u0142\u00f3wk\u0119 14<br>NIP 7361745794<br>+48 696 060 005<br>+48 698 785 991<\/p>\n\n\n\n<p class=\"has-vivid-red-color has-text-color has-link-color has-large-font-size wp-elements-d70b8bf7097c836978f876665707082f\">biuro@malkow.eu<\/p>\n\n\n\n<p class=\"has-medium-font-size\">by sending an e-mail, you consent to the processing of your personal data in connection with the execution of the inquiry, in accordance with the Personal Data Protection Act<\/p>\n\n\n\n<p class=\"has-medium-font-size\"><\/p>\n\n\n\n<p class=\"has-medium-font-size\"><\/p>\n\n\n\n<p><\/p>","protected":false},"excerpt":{"rendered":"<p>Malkow Sp. z o.o.34-500 Zakopane ul. Droga na Anta\u0142\u00f3wk\u0119 14NIP 7361745794+48 696 060 005+48 698 785 991 biuro@malkow.eu poprzez wys\u0142anie wiadomo\u015bci e-mail wyra\u017caj\u0105 Pa\u0144stwo zgod\u0119 na przetwarzanie Pa\u0144stwa danych osobowych w zwi\u0105zku z realizacj\u0105 zapytania, zgodnie z ustaw\u0105 o ochronie danych osobowych<\/p>","protected":false},"author":1,"featured_media":0,"parent":0,"menu_order":0,"comment_status":"closed","ping_status":"closed","template":"","meta":{"two_page_speed":[],"footnotes":""},"class_list":["post-29","page","type-page","status-publish","hentry"],"_links":{"self":[{"href":"https:\/\/malkow.eu\/en\/wp-json\/wp\/v2\/pages\/29","targetHints":{"allow":["GET"]}}],"collection":[{"href":"https:\/\/malkow.eu\/en\/wp-json\/wp\/v2\/pages"}],"about":[{"href":"https:\/\/malkow.eu\/en\/wp-json\/wp\/v2\/types\/page"}],"author":[{"embeddable":true,"href":"https:\/\/malkow.eu\/en\/wp-json\/wp\/v2\/users\/1"}],"replies":[{"embeddable":true,"href":"https:\/\/malkow.eu\/en\/wp-json\/wp\/v2\/comments?post=29"}],"version-history":[{"count":8,"href":"https:\/\/malkow.eu\/en\/wp-json\/wp\/v2\/pages\/29\/revisions"}],"predecessor-version":[{"id":192,"href":"https:\/\/malkow.eu\/en\/wp-json\/wp\/v2\/pages\/29\/revisions\/192"}],"wp:attachment":[{"href":"https:\/\/malkow.eu\/en\/wp-json\/wp\/v2\/media?parent=29"}],"curies":[{"name":"wp","href":"https:\/\/api.w.org\/{rel}","templated":true}]}}